{"id":76,"date":"2011-12-27T22:06:53","date_gmt":"2011-12-27T22:06:53","guid":{"rendered":"http:\/\/fischerphotos.com\/?page_id=76"},"modified":"2025-11-24T17:59:14","modified_gmt":"2025-11-24T16:59:14","slug":"vita-gerhard-fischer","status":"publish","type":"page","link":"https:\/\/fischerphotos.com\/de\/vita-gerhard-fischer\/","title":{"rendered":"Vita"},"content":{"rendered":"\n<div class=\"wp-block-group alignfull has-global-padding is-layout-constrained wp-block-group-is-layout-constrained\">\n<div class=\"wp-block-slider-block-slider-block\"><div class=\"eb-parent-wrapper eb-parent-eb-slider-73mj5 \"><div class=\"eb-slider-wrapper eb-slider-73mj5\" data-settings=\"{&quot;arrows&quot;:true,&quot;adaptiveHeight&quot;:false,&quot;autoplay&quot;:true,&quot;autoplaySpeed&quot;:3000,&quot;dots&quot;:true,&quot;fade&quot;:false,&quot;infinite&quot;:true,&quot;pauseOnHover&quot;:true,&quot;slidesToShow&quot;:1,&quot;speed&quot;:500,&quot;vertical&quot;:false,&quot;currentSlide&quot;:0,&quot;rtl&quot;:false,&quot;responsive&quot;:[{&quot;breakpoint&quot;:1025,&quot;settings&quot;:{&quot;slidesToShow&quot;:1}},{&quot;breakpoint&quot;:767,&quot;settings&quot;:{&quot;slidesToShow&quot;:1}}]}\" data-images=\"[{&quot;url&quot;:&quot;https:\/\/fischerphotos.com\/wp-content\/uploads\/2018\/02\/gerhardfischer.jpg&quot;,&quot;alt&quot;:&quot;&quot;,&quot;id&quot;:0,&quot;imageId&quot;:2273,&quot;caption&quot;:&quot;&quot;,&quot;title&quot;:&quot;Slider 1&quot;,&quot;subtitle&quot;:&quot;Essential Blocks Slider Subtitle&quot;,&quot;showButton&quot;:true,&quot;buttonText&quot;:&quot;See More&quot;,&quot;buttonUrl&quot;:&quot;&quot;,&quot;openNewTab&quot;:false,&quot;isValidUrl&quot;:true,&quot;showSecondButton&quot;:false,&quot;secondButtonText&quot;:&quot;See More&quot;,&quot;secondButtonUrl&quot;:&quot;&quot;,&quot;secondButtonOpenNewTab&quot;:false},{&quot;url&quot;:&quot;https:\/\/fischerphotos.com\/wp-content\/uploads\/2024\/11\/jahreskalender-2025-fotokalender-2025-wandkalender-2025.jpg&quot;,&quot;alt&quot;:&quot;Jahreskalender 2025 Fotokalender Wandkalender&quot;,&quot;id&quot;:1,&quot;imageId&quot;:3705,&quot;caption&quot;:&quot;Jahreskalender 2025 Fotokalender Wandkalender&quot;,&quot;title&quot;:&quot;Jahreskalender 2025 Fotokalender Wandkalender&quot;,&quot;subtitle&quot;:&quot;Essential Blocks Slider Subtitle&quot;,&quot;showButton&quot;:true,&quot;buttonText&quot;:&quot;See More&quot;,&quot;buttonUrl&quot;:&quot;&quot;,&quot;openNewTab&quot;:false,&quot;isValidUrl&quot;:true,&quot;showSecondButton&quot;:false,&quot;secondButtonText&quot;:&quot;See More&quot;,&quot;secondButtonUrl&quot;:&quot;&quot;,&quot;secondButtonOpenNewTab&quot;:false},{&quot;url&quot;:&quot;https:\/\/fischerphotos.com\/wp-content\/uploads\/2022\/11\/kalender-2023-fotos-der-welt.jpg&quot;,&quot;alt&quot;:&quot;Jahreskalender 2023 Fotokalender Wandkalender&quot;,&quot;id&quot;:2,&quot;imageId&quot;:3409,&quot;caption&quot;:&quot;Jahreskalender 2023 Fotokalender Wandkalender&quot;,&quot;title&quot;:&quot;Slider 3&quot;,&quot;subtitle&quot;:&quot;Essential Blocks Slider Subtitle&quot;,&quot;showButton&quot;:true,&quot;buttonText&quot;:&quot;See More&quot;,&quot;buttonUrl&quot;:&quot;&quot;,&quot;openNewTab&quot;:false,&quot;isValidUrl&quot;:true,&quot;showSecondButton&quot;:false,&quot;secondButtonText&quot;:&quot;See More&quot;,&quot;secondButtonUrl&quot;:&quot;&quot;,&quot;secondButtonOpenNewTab&quot;:false},{&quot;url&quot;:&quot;https:\/\/fischerphotos.com\/wp-content\/uploads\/2018\/11\/kalender2019.jpg&quot;,&quot;alt&quot;:&quot;Jahreskalender 2019 Fotokalender Wandkalender&quot;,&quot;id&quot;:3,&quot;imageId&quot;:3290,&quot;caption&quot;:&quot;Jahreskalender 2019 Fotokalender Wandkalender&quot;,&quot;title&quot;:&quot;Kalender 2019 k\u00f6nnen Sie hier bestellen.&quot;,&quot;subtitle&quot;:&quot;Essential Blocks Slider Subtitle&quot;,&quot;showButton&quot;:true,&quot;buttonText&quot;:&quot;See More&quot;,&quot;buttonUrl&quot;:&quot;&quot;,&quot;openNewTab&quot;:false,&quot;isValidUrl&quot;:true,&quot;showSecondButton&quot;:false,&quot;secondButtonText&quot;:&quot;See More&quot;,&quot;secondButtonUrl&quot;:&quot;&quot;,&quot;secondButtonOpenNewTab&quot;:false}]\" data-slidercontenttype=\"content-1\" data-slidertype=\"image\" data-textalign=\"left\" data-arrownexticon=\"fas fa-arrow-alt-circle-right\" data-arrowprevicon=\"fas fa-arrow-alt-circle-left\"><div class=\"image\"><div class=\"eb-slider-item content-1\"><img decoding=\"async\" class=\"eb-slider-image\" src=\"https:\/\/fischerphotos.com\/wp-content\/uploads\/2018\/02\/gerhardfischer.jpg\"\/><\/div><div class=\"eb-slider-item content-1\"><img decoding=\"async\" class=\"eb-slider-image\" src=\"https:\/\/fischerphotos.com\/wp-content\/uploads\/2024\/11\/jahreskalender-2025-fotokalender-2025-wandkalender-2025.jpg\"\/><\/div><div class=\"eb-slider-item content-1\"><img decoding=\"async\" class=\"eb-slider-image\" src=\"https:\/\/fischerphotos.com\/wp-content\/uploads\/2022\/11\/kalender-2023-fotos-der-welt.jpg\"\/><\/div><div class=\"eb-slider-item content-1\"><img decoding=\"async\" class=\"eb-slider-image\" src=\"https:\/\/fischerphotos.com\/wp-content\/uploads\/2018\/11\/kalender2019.jpg\"\/><\/div><\/div><\/div><\/div><\/div>\n\n\n\n<blockquote class=\"wp-block-quote is-layout-flow wp-block-quote-is-layout-flow\">\n<p class=\"has-large-font-size\">&#8220;<strong><em>Das Auge macht das Bild, nicht die Kamera.<\/em><\/strong>&#8220;<\/p>\n\n\n\n<p class=\"has-medium-font-size\">Gis\u00e8le Freund<\/p>\n<\/blockquote>\n\n\n\n<p>Das Sein besteht aus unz\u00e4hligen und vollkommenen Momenten &#8211; verg\u00e4nglich und immer wieder neu erschaffen. Das Sein ist f\u00fcr mich durch den Moment im Hier und Jetzt erlebbar. In jedem Moment liegt die Sch\u00f6pfung des Seins. Meine Fotografie hat den Anspruch, den &#8220;Moment des Seins&#8221; im Bild so wiederzugeben, dass die (deine) Seele ber\u00fchrt wird &#8230;<\/p>\n<\/div>\n\n\n\n<div class=\"wp-block-group alignwide has-global-padding is-layout-constrained wp-container-core-group-is-layout-f36bc466 wp-block-group-is-layout-constrained\">\n<h1 class=\"wp-block-heading\">Vita<\/h1>\n\n\n\n<p>Geboren im sch\u00f6nen Oberbayern bin ich nun pensioniert. So kann ich nun meine gro\u00dfe Liebe mehr und mehr der Fotografie widmen, nicht unbedingt der Technik der Fotografie, sondern der Verbindung von fotografischem Ausdruck und Intuition.<\/p>\n\n\n\n<p>Ich bewege mich sehr gerne in den Bergen, an Seen, W\u00e4ldern und Wiesen oder einfach in der Natur. Oft packt mich auch die Reiselust in nahe wie ferne L\u00e4nder, in hei\u00dfe oder auch in sehr kalte Gebiete. Aber immer gilt mein fotografischer Blick dem Moment und dem versteckten, oft nicht gesehenen, oder beachteten Detail, gepaart mit \u00c4sthetik. Dies inspirierte mich, mein Logo als \u201eMomente des Seins\u201c auszudr\u00fccken.<\/p>\n\n\n\n<p>Ein gro\u00dfes Augenmerk gilt der Makroaufnahme in der Naturfotografie. Aber auch Portrait- und Aktfotografie, die das Naturwunder Mensch in seiner vollen \u00c4sthetik und Sch\u00f6nheit darstellen, sind Inhalt meiner Arbeit. Dabei ist mein Anspruch den Menschen im Foto so &#8220;ins Licht zu setzen&#8221;, dass er\/sie sich zum Lieben sch\u00f6n findet. Vielleicht sind Sie neugierig auf sich &#8211; und trauen sich &#8211; &#8230;<\/p>\n\n\n\n<p>Dar\u00fcber hinaus bin ich auf den Spuren meiner Familiengeschichte. So interessiere ich mich einerseits f\u00fcr die Fortf\u00fchrung der Naturwissenschaften und der Schriftstellerei meines Gro\u00dfvaters Hanns Fischer und des Weiteren f\u00fcr den geschichtlichen Hintergrund des Wirkens meines Gro\u00dfvaters Ludwig Gehre. Bei dieser Forschung verbinde ich auch Familiengeschichte mit dem Festhalten im fotographischen Moment, beides ist verg\u00e4nglich im Moment und doch nachhaltig im Sein.<\/p>\n<\/div>\n","protected":false},"excerpt":{"rendered":"<p>&#8220;Das Auge macht das Bild, nicht die Kamera.&#8220; Gis\u00e8le Freund Das Sein besteht aus unz\u00e4hligen und vollkommenen Momenten &#8211; verg\u00e4nglich und immer wieder neu erschaffen. Das Sein ist f\u00fcr mich durch den Moment im Hier und Jetzt erlebbar. In jedem Moment liegt die Sch\u00f6pfung des Seins. Meine Fotografie hat den Anspruch, den &#8220;Moment des Seins&#8221; [&hellip;]<\/p>\n","protected":false},"author":2,"featured_media":0,"parent":0,"menu_order":0,"comment_status":"closed","ping_status":"open","template":"page-no-title","meta":{"_eb_attr":"","ngg_post_thumbnail":0,"footnotes":""},"class_list":["post-76","page","type-page","status-publish","hentry"],"_links":{"self":[{"href":"https:\/\/fischerphotos.com\/de\/wp-json\/wp\/v2\/pages\/76","targetHints":{"allow":["GET"]}}],"collection":[{"href":"https:\/\/fischerphotos.com\/de\/wp-json\/wp\/v2\/pages"}],"about":[{"href":"https:\/\/fischerphotos.com\/de\/wp-json\/wp\/v2\/types\/page"}],"author":[{"embeddable":true,"href":"https:\/\/fischerphotos.com\/de\/wp-json\/wp\/v2\/users\/2"}],"replies":[{"embeddable":true,"href":"https:\/\/fischerphotos.com\/de\/wp-json\/wp\/v2\/comments?post=76"}],"version-history":[{"count":5,"href":"https:\/\/fischerphotos.com\/de\/wp-json\/wp\/v2\/pages\/76\/revisions"}],"predecessor-version":[{"id":3965,"href":"https:\/\/fischerphotos.com\/de\/wp-json\/wp\/v2\/pages\/76\/revisions\/3965"}],"wp:attachment":[{"href":"https:\/\/fischerphotos.com\/de\/wp-json\/wp\/v2\/media?parent=76"}],"curies":[{"name":"wp","href":"https:\/\/api.w.org\/{rel}","templated":true}]}}