{"id":1857,"date":"2012-02-27T20:15:22","date_gmt":"2012-02-27T19:15:22","guid":{"rendered":"http:\/\/fischerphotos.com\/?page_id=1218"},"modified":"2018-11-05T01:40:58","modified_gmt":"2018-11-05T00:40:58","slug":"partner-2","status":"publish","type":"page","link":"https:\/\/fischerphotos.com\/de\/partner-2\/","title":{"rendered":"Partner"},"content":{"rendered":"<p><!--:de--><\/p>\n<p style=\"text-align: center;\">Hier auf unser Partnerseite stellen sich vor:<\/p>\n<p style=\"text-align: center;\">Die Alte Schule im Blauen Land es ist ein Seminarzentrums f\u00fcr Jung und Alt.<\/p>\n<p style=\"text-align: center;\"><a href=\"http:\/\/alteschule-imblauenland.de\" target=\"_blank\"><img loading=\"lazy\" decoding=\"async\" class=\"aligncenter\" src=\"http:\/\/alteschule-imblauenland.de\/wp-content\/themes\/sommer\/images\/schule.jpg\" alt=\"\" width=\"220\" height=\"140\" \/><\/a><a href=\"http:\/\/alteschule-imblauenland.de\" target=\"_blank\">zur Schule<\/a><\/p>\n<p style=\"text-align: center;\">Joe ist Wanderf\u00fchrer und Mitglied des Verbandes der Tiroler Bergsportf\u00fchrer.<\/p>\n<p style=\"text-align: center;\"> <img loading=\"lazy\" decoding=\"async\" src=\"http:\/\/www.joes-tours.de\/wp-content\/uploads\/2011\/11\/cropped-kopfbild.jpg\" alt=\"\" width=\"350\" height=\"100\" \/><br \/>\nEr freut sich auf Ihren Besuch.<a href=\"http:\/\/www.joes-tours.de\" target=\"_blank\"><br \/>\nzu Joe\u00b4s-Tours<\/a><\/p>\n<p><!--:--><!--:en--><\/p>\n<p style=\"text-align: center;\">Here u can find all my partners:<\/p>\n<p style=\"text-align: center;\">The old school at the blue land host seminars for young and old.<\/p>\n<p style=\"text-align: center;\"><a href=\"http:\/\/alteschule-imblauenland.de\" target=\"_blank\"><img loading=\"lazy\" decoding=\"async\" class=\"aligncenter\" src=\"http:\/\/alteschule-imblauenland.de\/wp-content\/themes\/sommer\/images\/schule.jpg\" alt=\"\" width=\"220\" height=\"140\" \/><\/a><a href=\"http:\/\/alteschule-imblauenland.de\" target=\"_blank\">Website of the school<\/a><\/p>\n<p style=\"text-align: center;\">Joe is hiking guide and member of &#8220;Tirol mountainssports association&#8221;.<\/p>\n<p style=\"text-align: center;\"><img loading=\"lazy\" decoding=\"async\" src=\"http:\/\/www.joes-tours.de\/wp-content\/uploads\/2011\/11\/cropped-kopfbild.jpg\" alt=\"\" width=\"350\" height=\"100\" \/><br \/>\nEr freut sich auf Ihren Besuch.<a href=\"http:\/\/www.joes-tours.de\" target=\"_blank\"><br \/>\nLink to Joe\u00b4s-Tours<\/a><\/p>\n<p><!--:--><\/p>","protected":false},"excerpt":{"rendered":"<p>Hier auf unser Partnerseite stellen sich vor: Die Alte Schule im Blauen Land es ist ein Seminarzentrums f\u00fcr Jung und Alt. zur Schule Joe ist Wanderf\u00fchrer und Mitglied des Verbandes der Tiroler Bergsportf\u00fchrer. Er freut sich auf Ihren Besuch. zu Joe\u00b4s-Tours Here u can find all my partners: The old school at the blue land [&hellip;]<\/p>\n","protected":false},"author":2,"featured_media":0,"parent":0,"menu_order":0,"comment_status":"closed","ping_status":"closed","template":"","meta":{"_eb_attr":"","ngg_post_thumbnail":0,"footnotes":""},"class_list":["post-1857","page","type-page","status-publish","hentry"],"_links":{"self":[{"href":"https:\/\/fischerphotos.com\/de\/wp-json\/wp\/v2\/pages\/1857","targetHints":{"allow":["GET"]}}],"collection":[{"href":"https:\/\/fischerphotos.com\/de\/wp-json\/wp\/v2\/pages"}],"about":[{"href":"https:\/\/fischerphotos.com\/de\/wp-json\/wp\/v2\/types\/page"}],"author":[{"embeddable":true,"href":"https:\/\/fischerphotos.com\/de\/wp-json\/wp\/v2\/users\/2"}],"replies":[{"embeddable":true,"href":"https:\/\/fischerphotos.com\/de\/wp-json\/wp\/v2\/comments?post=1857"}],"version-history":[{"count":1,"href":"https:\/\/fischerphotos.com\/de\/wp-json\/wp\/v2\/pages\/1857\/revisions"}],"predecessor-version":[{"id":3322,"href":"https:\/\/fischerphotos.com\/de\/wp-json\/wp\/v2\/pages\/1857\/revisions\/3322"}],"wp:attachment":[{"href":"https:\/\/fischerphotos.com\/de\/wp-json\/wp\/v2\/media?parent=1857"}],"curies":[{"name":"wp","href":"https:\/\/api.w.org\/{rel}","templated":true}]}}