{"id":135,"date":"2012-01-07T14:19:52","date_gmt":"2012-01-07T13:19:52","guid":{"rendered":"http:\/\/fischerphotos.com\/?page_id=135"},"modified":"2018-11-05T01:40:58","modified_gmt":"2018-11-05T00:40:58","slug":"impressum","status":"publish","type":"page","link":"https:\/\/fischerphotos.com\/de\/impressum\/","title":{"rendered":"[:de]Impressum[:en]Impress[:]"},"content":{"rendered":"<p>[:de]<\/p>\n<p style=\"text-align: center;\">Angaben gem\u00e4\u00df \u00a7 5 TMG:<\/p>\n<p style=\"text-align: center;\"><strong>FischerPhotos.com<\/strong><\/p>\n<p style=\"text-align: center;\"><strong>Gerhard Fischer<\/strong><\/p>\n<p style=\"text-align: center;\">Andechser Feldweg 2<\/p>\n<p style=\"text-align: center;\">82131 Gauting \/ Germany<\/p>\n<p>&nbsp;<\/p>\n<p style=\"text-align: center;\">Tel: +049 (0) 172 \/ 83 21 878<\/p>\n<p style=\"text-align: center;\">E-Mail: info@fischerphotos.com<\/p>\n<p>&nbsp;<\/p>\n<p style=\"text-align: center;\">Umsatzsteuer-Identifikationsnummer<\/p>\n<p style=\"text-align: center;\">gem\u00e4\u00df \u00a727 a Umsatzsteuergesetz: 161\/217\/20527<\/p>\n<p>&nbsp;<\/p>\n<p style=\"text-align: center;\"><a title=\"AGB\" href=\"http:\/\/fischerphotos.com\/impressum\/agb\">Allgemeine Gesch\u00e4ftsbedingungen<\/a><\/p>\n<p style=\"text-align: left;\"><strong>Bildrechte:<\/strong> Alle Fotos von Gerhard Fischer |\u00a0Logo: Regina Speer<\/p>\n<p><strong>Haftung f\u00fcr Inhalte:\u00a0<\/strong>Als Diensteanbieter sind wir gem\u00e4\u00df \u00a7 7 Abs.1 TMG f\u00fcr eigene Inhalte auf diesen Webseiten nach den allgemeinen Gesetzen verantwortlich. Nach \u00a7\u00a7 8 bis 10 TMG sind wir als Diensteanbieter jedoch nicht verpflichtet, \u00fcbermittelte oder gespeicherte fremde Informationen zu \u00fcberwachen oder nach Umst\u00e4nden zu forschen, die auf eine rechtswidrige T\u00e4tigkeit hinweisen. Verpflichtungen zur Entfernung oder Sperrung der Nutzung von Informationen nach den allgemeinen Gesetzen bleiben hiervon unber\u00fchrt. Eine diesbez\u00fcgliche Haftung ist jedoch erst ab dem Zeitpunkt der Kenntnis einer konkreten Rechtsverletzung m\u00f6glich. Bei Bekanntwerden von entsprechenden Rechtsverletzungen werden wir diese Inhalte umgehend entfernen.<\/p>\n<p><strong>Haftung f\u00fcr Links:\u00a0<\/strong>Unser Angebot enth\u00e4lt auch Links zu externen Webseiten Dritter, auf deren Online-Inhalte wir keinen Einfluss haben. Deshalb k\u00f6nnen wir f\u00fcr diese verlinkten fremden Inhalte auch keine Gew\u00e4hr \u00fcbernehmen. F\u00fcr die Inhalte der verlinkten Webseiten ist stets der jeweilige Anbieter oder der Betreiber der Webseiten verantwortlich. Die verlinkten Webseiten wurden zum Zeitpunkt der Verlinkung soweit technisch m\u00f6glich, auf m\u00f6gliche Rechtsverst\u00f6\u00dfe \u00fcberpr\u00fcft und rechtswidrige Inhalte waren zum Zeitpunkt unserer Verlinkung nicht erkennbar. Eine permanente inhaltliche Kontrolle der verlinkten Webseiten, ist jedoch ohne konkrete Anhaltspunkte einer Rechtsverletzung, nicht zumutbar. Bei Bekanntwerden von Rechtsverletzungen werden wir derartige Links umgehend entfernen. Bitte kontaktieren Sie uns in solchen F\u00e4llen und senden Sie uns die betroffenen Links.<\/p>\n<p><strong>Urheberrecht:\u00a0<\/strong>Die durch die Webseitenbetreiber erstellten Inhalte und Werke auf diesen Webseiten unterliegen dem deutschen Urheberrecht. Die Vervielf\u00e4ltigung, Bearbeitung, Verbreitung und jede Art der weiteren Verwertung au\u00dferhalb der Grenzen des Urheberrechtes (bspw. f\u00fcr Texte und Fotos) bed\u00fcrfen der schriftlichen Zustimmung des Autors bzw. Erstellers Gerhard Fischer. Technische Downloads und \/ oder Kopien dieser Webseiten sind nur f\u00fcr den privaten, nicht kommerziellen Gebrauch gestattet. Soweit die Inhalte wie Grafiken auf dieser Webseiten nicht vom Betreiber erstellt wurden, werden die Urheberrechte Dritter beachtet. Insbesondere werden Inhalte Dritter als solche direkt gekennzeichnet. Sollten Sie trotz allem auf eine Urheberrechtsverletzung aufmerksam werden, bitten wir Sie uns in solchen F\u00e4llen die betroffene Grafik oder Fotos per eMail zu benennen. Bei einem Bekanntwerden von Rechtsverletzungen werden wir derartige Inhalte umgehend entfernen.<\/p>\n<p><strong>Streitschlichtung:<\/strong>\u00a0Die Europ\u00e4ische Kommission stellt eine Plattform zur Online-Streitbeilegung\u00a0https:\/\/ec.europa.eu\/consumers\/odr bereit.\u00a0Wir sind jedoch weder bereit oder gar verpflichtet, an Streitbeilegungs-Verfahren vor einer Verbraucher-Schlichtungsstelle teilzunehmen.[:en]<\/p>\n<p style=\"text-align: center;\">\u00a7 5 TMG:<\/p>\n<p style=\"text-align: center;\"><strong>Fischer Photos | Mr. Gerhard Fischer<\/strong><\/p>\n<p style=\"text-align: center;\">Hofheimer Stra\u00dfe 1<\/p>\n<p style=\"text-align: center;\">82418 Aidling \/ Riegsee \/ Germany<\/p>\n<p style=\"text-align: center;\">Tel: +049 (0) 172 \/ 83 21 878<\/p>\n<p style=\"text-align: center;\">Fax: +049 (0) 88 47 \/ 69 99 516<\/p>\n<p style=\"text-align: center;\">E-Mail: info (at) fischerphotos.com<\/p>\n<p style=\"text-align: center;\">VAT No.: 119\/217\/20000<\/p>\n<p style=\"text-align: center;\"><a title=\"AGB\" href=\"http:\/\/fischerphotos.com\/impressum\/agb\">Business Conditions<\/a><\/p>\n<p style=\"text-align: left;\"><strong>Bildrechte:<\/strong> Alle Fotos von Gerhard Fischer |\u00a0Logo: Regina Speer<\/p>\n<p><strong>Haftung f\u00fcr Inhalte:\u00a0<\/strong>Als Diensteanbieter sind wir gem\u00e4\u00df \u00a7 7 Abs.1 TMG f\u00fcr eigene Inhalte auf diesen Webseiten nach den allgemeinen Gesetzen verantwortlich. Nach \u00a7\u00a7 8 bis 10 TMG sind wir als Diensteanbieter jedoch nicht verpflichtet, \u00fcbermittelte oder gespeicherte fremde Informationen zu \u00fcberwachen oder nach Umst\u00e4nden zu forschen, die auf eine rechtswidrige T\u00e4tigkeit hinweisen. Verpflichtungen zur Entfernung oder Sperrung der Nutzung von Informationen nach den allgemeinen Gesetzen bleiben hiervon unber\u00fchrt. Eine diesbez\u00fcgliche Haftung ist jedoch erst ab dem Zeitpunkt der Kenntnis einer konkreten Rechtsverletzung m\u00f6glich. Bei Bekanntwerden von entsprechenden Rechtsverletzungen werden wir diese Inhalte umgehend entfernen.<\/p>\n<p><strong>Haftung f\u00fcr Links:\u00a0<\/strong>Unser Angebot enth\u00e4lt auch Links zu externen Webseiten Dritter, auf deren Online-Inhalte wir keinen Einfluss haben. Deshalb k\u00f6nnen wir f\u00fcr diese verlinkten fremden Inhalte auch keine Gew\u00e4hr \u00fcbernehmen. F\u00fcr die Inhalte der verlinkten Webseiten ist stets der jeweilige Anbieter oder der Betreiber der Webseiten verantwortlich. Die verlinkten Webseiten wurden zum Zeitpunkt der Verlinkung soweit technisch m\u00f6glich, auf m\u00f6gliche Rechtsverst\u00f6\u00dfe \u00fcberpr\u00fcft und rechtswidrige Inhalte waren zum Zeitpunkt unserer Verlinkung nicht erkennbar. Eine permanente inhaltliche Kontrolle der verlinkten Webseiten, ist jedoch ohne konkrete Anhaltspunkte einer Rechtsverletzung, nicht zumutbar. Bei Bekanntwerden von Rechtsverletzungen werden wir derartige Links umgehend entfernen. Bitte kontaktieren Sie uns in solchen F\u00e4llen und senden Sie uns die betroffenen Links.<\/p>\n<p><strong>Urheberrecht:\u00a0<\/strong>Die durch die Webseitenbetreiber erstellten Inhalte und Werke auf diesen Webseiten unterliegen dem deutschen Urheberrecht. Die Vervielf\u00e4ltigung, Bearbeitung, Verbreitung und jede Art der weiteren Verwertung au\u00dferhalb der Grenzen des Urheberrechtes (bspw. f\u00fcr Texte und Fotos) bed\u00fcrfen der schriftlichen Zustimmung des Autors bzw. Erstellers Gerhard Fischer. Technische Downloads und \/ oder Kopien dieser Webseiten sind nur f\u00fcr den privaten, nicht kommerziellen Gebrauch gestattet. Soweit die Inhalte wie Grafiken auf dieser Webseiten nicht vom Betreiber erstellt wurden, werden die Urheberrechte Dritter beachtet. Insbesondere werden Inhalte Dritter als solche direkt gekennzeichnet. Sollten Sie trotz allem auf eine Urheberrechtsverletzung aufmerksam werden, bitten wir Sie uns in solchen F\u00e4llen die betroffene Grafik oder Fotos per eMail zu benennen. Bei einem Bekanntwerden von Rechtsverletzungen werden wir derartige Inhalte umgehend entfernen.<\/p>\n<p><strong>Streitschlichtung:<\/strong>\u00a0Die Europ\u00e4ische Kommission stellt eine Plattform zur Online-Streitbeilegung\u00a0https:\/\/ec.europa.eu\/consumers\/odr bereit.\u00a0Wir sind jedoch weder bereit oder gar verpflichtet, an Streitbeilegungs-Verfahren vor einer Verbraucher-Schlichtungsstelle teilzunehmen.[:]<\/p>\n","protected":false},"excerpt":{"rendered":"<p>[:de] Angaben gem\u00e4\u00df \u00a7 5 TMG: FischerPhotos.com Gerhard Fischer Andechser Feldweg 2 82131 Gauting \/ Germany &nbsp; Tel: +049 (0) 172 \/ 83 21 878 E-Mail: info@fischerphotos.com &nbsp; Umsatzsteuer-Identifikationsnummer gem\u00e4\u00df \u00a727 a Umsatzsteuergesetz: 161\/217\/20527 &nbsp; Allgemeine Gesch\u00e4ftsbedingungen Bildrechte: Alle Fotos von Gerhard Fischer |\u00a0Logo: Regina Speer Haftung f\u00fcr Inhalte:\u00a0Als Diensteanbieter sind wir gem\u00e4\u00df \u00a7 7 [&hellip;]<\/p>\n","protected":false},"author":2,"featured_media":0,"parent":0,"menu_order":0,"comment_status":"closed","ping_status":"closed","template":"","meta":{"_eb_attr":"","ngg_post_thumbnail":0,"footnotes":""},"class_list":["post-135","page","type-page","status-publish","hentry"],"_links":{"self":[{"href":"https:\/\/fischerphotos.com\/de\/wp-json\/wp\/v2\/pages\/135","targetHints":{"allow":["GET"]}}],"collection":[{"href":"https:\/\/fischerphotos.com\/de\/wp-json\/wp\/v2\/pages"}],"about":[{"href":"https:\/\/fischerphotos.com\/de\/wp-json\/wp\/v2\/types\/page"}],"author":[{"embeddable":true,"href":"https:\/\/fischerphotos.com\/de\/wp-json\/wp\/v2\/users\/2"}],"replies":[{"embeddable":true,"href":"https:\/\/fischerphotos.com\/de\/wp-json\/wp\/v2\/comments?post=135"}],"version-history":[{"count":1,"href":"https:\/\/fischerphotos.com\/de\/wp-json\/wp\/v2\/pages\/135\/revisions"}],"predecessor-version":[{"id":3329,"href":"https:\/\/fischerphotos.com\/de\/wp-json\/wp\/v2\/pages\/135\/revisions\/3329"}],"wp:attachment":[{"href":"https:\/\/fischerphotos.com\/de\/wp-json\/wp\/v2\/media?parent=135"}],"curies":[{"name":"wp","href":"https:\/\/api.w.org\/{rel}","templated":true}]}}