{"id":1181,"date":"2012-02-26T20:07:57","date_gmt":"2012-02-26T19:07:57","guid":{"rendered":"http:\/\/fischerphotos.com\/?page_id=1181"},"modified":"2018-11-05T15:47:48","modified_gmt":"2018-11-05T14:47:48","slug":"gallery-shop","status":"publish","type":"page","link":"https:\/\/fischerphotos.com\/de\/gallery-shop\/","title":{"rendered":"[:de]Galerien &#038; Shop[:en]Gallery\u00b4s &#038; Shop[:]"},"content":{"rendered":"<p>[:de]NEU: Hier ab jetzt meine Bilder auch online und direkt als Foto, Leinwand, Gro\u00dfformat, Digitalbild, Funartikel wie: Puzzle, Foto-Tasse, Kalender mit Textildruck, Sticker, Bierkrug m. Foto, Grillsch\u00fcrze, Glasschneidebrett, Mousepad, Umh\u00e4ngetasche, Kerze, Acrylglasbild, Spardose, Schneekugel, Holzpuzzle, Panorama, Acryl-Glas Fineart, Forex Direkt, Alu Direkt oder Alu Fineart bestellen.<\/p>\n<div style=\"text-align: center;\">\n<h3 style=\"text-align: center;\"><a title=\"Foto Onlineshop\" href=\"https:\/\/fischerphotos.com\/shopDE.html\">Hier geht es zum <\/a><a title=\"Foto Onlineshop\" href=\"http:\/\/fischerphotos.com\/shopDE.html\">Shop von FischerPhotos.com<\/a><\/h3>\n<p>&#8212;&#8212;&#8212;&#8212;&#8212;&#8212;&#8212;&#8212;&#8212;&#8212;&#8212;&#8212;&#8212;&#8212;&#8212;&#8212;&#8212;&#8212;&#8212;&#8212;&#8212;&#8212;&#8212;&#8212;&#8212;&#8212;&#8212;&#8212;&#8212;-<\/p>\n<p>Die Fotocommunity ist mit \u00fcber einer Million registrierter Fotografen die gr\u00f6\u00dfte Gemeinschaft f\u00fcr Fotografie in ganz Europa. Auch meine Fotos k\u00f6nnen Sie <a style=\"color: #fdef03;\" href=\"https:\/\/www.fotocommunity.de\/pc\/pc\/mypics\/1733618s\" target=\"_blank\" rel=\"noopener\">hier<\/a> k\u00e4uflich erwerben oder diese als Postkarte sowie als eMail versenden. Sie k\u00f6nnen durch einen Klick auf den Link am Ende der Seite mein Profil erreichen und eine Auswahl meiner Fotos betrachten.<\/p>\n<p>&#8212;&#8212;&#8212;&#8212;&#8212;&#8212;&#8212;&#8212;&#8212;&#8212;&#8212;&#8212;&#8212;&#8212;&#8211;<\/p>\n<p>Ich w\u00fcnsche Ihnen viel Spa\u00df beim St\u00f6bern.<\/p>\n<p>Ihr Gerhard Fischer<\/p>\n<\/div>\n<p>[:en]<\/p>\n<div style=\"text-align: center;\">\n<h3 style=\"text-align: center;\"><a title=\"Foto Onlineshop\" href=\"http:\/\/fischerphotos.com\/shopEN.html\">Gallerys \/ <\/a><a title=\"Photo Onlineshop\" href=\"http:\/\/fischerphotos.com\/shopDE.html\">Photo-Onlineshop<\/a><\/h3>\n<p>NEU: Hier ab jetzt meine Bilder auch online und direkt als Foto, Leinwand, Gro\u00dfformat, Digitalbild, Funartikel wie: Puzzle, Foto-Tasse, Kalender mit Textildruck, Sticker, Bierkrug m. Foto, Grillsch\u00fcrze, Glasschneidebrett, Mousepad, Umh\u00e4ngetasche, Kerze, Acrylglasbild, Spardose, Schneekugel, Holzpuzzle, Panorama, Acryl-Glas Fineart, Forex Direkt, Alu Direkt oder Alu Fineart bestellen.<\/p>\n<p>&#8212;&#8212;&#8212;&#8212;&#8212;&#8212;&#8212;&#8212;&#8212;&#8212;&#8212;&#8212;&#8212;&#8212;&#8212;&#8212;&#8212;&#8212;&#8212;&#8212;&#8212;&#8212;&#8212;&#8212;&#8212;&#8212;&#8212;&#8212;&#8212;-<\/p>\n<p>Die Fotocommunity ist mit \u00fcber einer Million registrierter Fotografen die gr\u00f6\u00dfte Gemeinschaft f\u00fcr Fotografie in ganz Europa. Auch meine Fotos k\u00f6nnen Sie <a style=\"color: #fdef03;\" href=\"http:\/\/www.fotocommunity.de\/pc\/pc\/mypics\/1733618s\" target=\"_blank\">hier<\/a> k\u00e4uflich erwerben oder diese als Postkarte sowie als eMail versenden. Sie k\u00f6nnen durch einen Klick auf den Link am Ende der Seite mein Profil erreichen und eine Auswahl meiner Fotos betrachten.<\/p>\n<p>&#8212;&#8212;&#8212;&#8212;&#8212;&#8212;&#8212;&#8212;&#8212;&#8212;&#8212;&#8212;&#8212;&#8212;&#8211;<\/p>\n<p>Ich w\u00fcnsche Ihnen viel Spa\u00df beim St\u00f6bern.<\/p>\n<p>Ihr Gerhard Fischer<\/p>\n<\/div>\n<p>[:]<\/p>\n","protected":false},"excerpt":{"rendered":"<p>[:de]NEU: Hier ab jetzt meine Bilder auch online und direkt als Foto, Leinwand, Gro\u00dfformat, Digitalbild, Funartikel wie: Puzzle, Foto-Tasse, Kalender mit Textildruck, Sticker, Bierkrug m. Foto, Grillsch\u00fcrze, Glasschneidebrett, Mousepad, Umh\u00e4ngetasche, Kerze, Acrylglasbild, Spardose, Schneekugel, Holzpuzzle, Panorama, Acryl-Glas Fineart, Forex Direkt, Alu Direkt oder Alu Fineart bestellen. Hier geht es zum Shop von FischerPhotos.com &#8212;&#8212;&#8212;&#8212;&#8212;&#8212;&#8212;&#8212;&#8212;&#8212;&#8212;&#8212;&#8212;&#8212;&#8212;&#8212;&#8212;&#8212;&#8212;&#8212;&#8212;&#8212;&#8212;&#8212;&#8212;&#8212;&#8212;&#8212;&#8212;- Die [&hellip;]<\/p>\n","protected":false},"author":2,"featured_media":0,"parent":0,"menu_order":0,"comment_status":"closed","ping_status":"closed","template":"","meta":{"_eb_attr":"","ngg_post_thumbnail":0,"footnotes":""},"class_list":["post-1181","page","type-page","status-publish","hentry"],"_links":{"self":[{"href":"https:\/\/fischerphotos.com\/de\/wp-json\/wp\/v2\/pages\/1181","targetHints":{"allow":["GET"]}}],"collection":[{"href":"https:\/\/fischerphotos.com\/de\/wp-json\/wp\/v2\/pages"}],"about":[{"href":"https:\/\/fischerphotos.com\/de\/wp-json\/wp\/v2\/types\/page"}],"author":[{"embeddable":true,"href":"https:\/\/fischerphotos.com\/de\/wp-json\/wp\/v2\/users\/2"}],"replies":[{"embeddable":true,"href":"https:\/\/fischerphotos.com\/de\/wp-json\/wp\/v2\/comments?post=1181"}],"version-history":[{"count":2,"href":"https:\/\/fischerphotos.com\/de\/wp-json\/wp\/v2\/pages\/1181\/revisions"}],"predecessor-version":[{"id":3346,"href":"https:\/\/fischerphotos.com\/de\/wp-json\/wp\/v2\/pages\/1181\/revisions\/3346"}],"wp:attachment":[{"href":"https:\/\/fischerphotos.com\/de\/wp-json\/wp\/v2\/media?parent=1181"}],"curies":[{"name":"wp","href":"https:\/\/api.w.org\/{rel}","templated":true}]}}